{"id":14,"date":"2025-06-25T13:13:14","date_gmt":"2025-06-25T11:13:14","guid":{"rendered":"http:\/\/2025.adams.edu.pl\/courses\/"},"modified":"2025-11-05T13:34:12","modified_gmt":"2025-11-05T12:34:12","slug":"tests","status":"publish","type":"page","link":"https:\/\/adams.edu.pl\/en\/tests\/","title":{"rendered":"Tests"},"content":{"rendered":"<div data-elementor-type=\"wp-page\" data-elementor-id=\"14\" class=\"elementor elementor-14\">\n\t\t\t\t\t\t<section class=\"elementor-section elementor-top-section elementor-element elementor-element-21778a73 elementor-section-stretched elementor-section-boxed elementor-section-height-default elementor-section-height-default\" data-id=\"21778a73\" data-element_type=\"section\" data-e-type=\"section\" data-settings=\"{&quot;background_background&quot;:&quot;classic&quot;,&quot;stretch_section&quot;:&quot;section-stretched&quot;}\">\n\t\t\t\t\t\t<div class=\"elementor-container elementor-column-gap-no\">\n\t\t\t\t\t<div class=\"elementor-column elementor-col-100 elementor-top-column elementor-element elementor-element-40787aa\" data-id=\"40787aa\" data-element_type=\"column\" data-e-type=\"column\">\n\t\t\t<div class=\"elementor-widget-wrap elementor-element-populated\">\n\t\t\t\t\t\t<section class=\"elementor-section elementor-inner-section elementor-element elementor-element-d0bf53c elementor-section-boxed elementor-section-height-default elementor-section-height-default\" data-id=\"d0bf53c\" data-element_type=\"section\" data-e-type=\"section\">\n\t\t\t\t\t\t<div class=\"elementor-container elementor-column-gap-default\">\n\t\t\t\t\t<div class=\"elementor-column elementor-col-100 elementor-inner-column elementor-element elementor-element-7750073\" data-id=\"7750073\" data-element_type=\"column\" data-e-type=\"column\">\n\t\t\t<div class=\"elementor-widget-wrap elementor-element-populated\">\n\t\t\t\t\t\t<div class=\"elementor-element elementor-element-9283248 elementor-widget elementor-widget-back-core-heading\" data-id=\"9283248\" data-element_type=\"widget\" data-e-type=\"widget\" data-widget_type=\"back-core-heading.default\">\n\t\t\t\t<div class=\"elementor-widget-container\">\n\t\t\t\t\t        <div class=\"back-elementor-heading back-elementor-heading-default\">\r\n\t        \t\t\t<h2 class=\"title\">Check your language level \u2013 with no stress, just chill!<\/h2>        <\/div>\r\n\r\n        \t\t\t\t<\/div>\n\t\t\t\t<\/div>\n\t\t\t\t<div class=\"elementor-element elementor-element-3c7bef2 elementor-widget elementor-widget-back-core-heading\" data-id=\"3c7bef2\" data-element_type=\"widget\" data-e-type=\"widget\" data-widget_type=\"back-core-heading.default\">\n\t\t\t\t<div class=\"elementor-widget-container\">\n\t\t\t\t\t        <div class=\"back-elementor-heading back-elementor-heading-default\">\r\n\t        \t\t\t<h2 class=\"title\">Before you start a course, we invite you to a short assessment test on your language skills. <\/h2>        <\/div>\r\n\r\n        \t\t\t\t<\/div>\n\t\t\t\t<\/div>\n\t\t\t\t<div class=\"elementor-element elementor-element-e910655 elementor-widget elementor-widget-text-editor\" data-id=\"e910655\" data-element_type=\"widget\" data-e-type=\"widget\" data-widget_type=\"text-editor.default\">\n\t\t\t\t<div class=\"elementor-widget-container\">\n\t\t\t\t\t\t\t\t\t<p><strong>The assessment is made of two phases:<\/strong><\/p><ol><li><strong>Written test online<\/strong> \u2013 take it by yourself in a comfortable place. <br \/>Just a moment and a cup of tea or coffee are all you need.\u00a0<\/li><li><strong>Conversation with a teacher<\/strong> \u2013 by the phone or online. <br \/>It\u2019s a friendly conversation to help us get to know you and your needs better.<\/li><\/ol><p>This is NOT an exam so there\u2019s no reason for stress \ud83d\ude42\u00a0<br \/>The test has just one goal \u2013 assess your language level so we can match the best course for you.<\/p><p>Thanks to this, you will:<\/p><ol><li>not repeat things you already know,<\/li><li>avoid situations where you feel lost in a group on a level too high,<\/li><li>learn effectively and with pleasure.<\/li><\/ol><p><em>Attention: If you haven\u2019t learnt for long, you can omit the written test and just set up a consultation with a teacher right away. <\/em><\/p>\t\t\t\t\t\t\t\t<\/div>\n\t\t\t\t<\/div>\n\t\t\t\t<div class=\"elementor-element elementor-element-5c30843 elementor-widget elementor-widget-back-core-heading\" data-id=\"5c30843\" data-element_type=\"widget\" data-e-type=\"widget\" data-widget_type=\"back-core-heading.default\">\n\t\t\t\t<div class=\"elementor-widget-container\">\n\t\t\t\t\t        <div class=\"back-elementor-heading back-elementor-heading-default\">\r\n\t        \t\t\t<h2 class=\"title\"> How to take the test?<\/h2>        <\/div>\r\n\r\n        \t\t\t\t<\/div>\n\t\t\t\t<\/div>\n\t\t\t\t<div class=\"elementor-element elementor-element-6ba50bc elementor-widget elementor-widget-text-editor\" data-id=\"6ba50bc\" data-element_type=\"widget\" data-e-type=\"widget\" data-widget_type=\"text-editor.default\">\n\t\t\t\t<div class=\"elementor-widget-container\">\n\t\t\t\t\t\t\t\t\t<p>Choose the language.<\/p><p>At the beginning of the test, you will see an instruction on how to take the test.<\/p><p>After finishing the test, you will receive the result of this part.<\/p><p>Next, we will contact you to set up a meeting for the speaking part.<\/p><p><u>Remember!<\/u> The result of the written test online is only guidance for you and us but the exact level will be assessed after your consultation with the teacher.<\/p><p><strong>Check your level and start education with awareness!<\/strong><\/p>\t\t\t\t\t\t\t\t<\/div>\n\t\t\t\t<\/div>\n\t\t\t\t\t<\/div>\n\t\t<\/div>\n\t\t\t\t\t<\/div>\n\t\t<\/section>\n\t\t\t\t<section class=\"elementor-section elementor-inner-section elementor-element elementor-element-8770c15 elementor-section-boxed elementor-section-height-default elementor-section-height-default\" data-id=\"8770c15\" data-element_type=\"section\" data-e-type=\"section\">\n\t\t\t\t\t\t<div class=\"elementor-container elementor-column-gap-default\">\n\t\t\t\t\t<div class=\"elementor-column elementor-col-100 elementor-inner-column elementor-element elementor-element-ecee613\" data-id=\"ecee613\" data-element_type=\"column\" data-e-type=\"column\">\n\t\t\t<div class=\"elementor-widget-wrap elementor-element-populated\">\n\t\t\t\t\t\t<div class=\"elementor-element elementor-element-485c42b elementor-widget elementor-widget-back-core-heading\" data-id=\"485c42b\" data-element_type=\"widget\" data-e-type=\"widget\" data-widget_type=\"back-core-heading.default\">\n\t\t\t\t<div class=\"elementor-widget-container\">\n\t\t\t\t\t        <div class=\"back-elementor-heading back-elementor-heading-default\">\r\n\t        \t\t\t<h2 class=\"title\">Choose a test:<\/h2>        <\/div>\r\n\r\n        \t\t\t\t<\/div>\n\t\t\t\t<\/div>\n\t\t\t\t<div class=\"elementor-element elementor-element-21f0b54 elementor-widget elementor-widget-back-button\" data-id=\"21f0b54\" data-element_type=\"widget\" data-e-type=\"widget\" data-widget_type=\"back-button.default\">\n\t\t\t\t<div class=\"elementor-widget-container\">\n\t\t\t\t\t\t\r\n\t\t\t\t\t<div class=\"back-elementor-btn-wrap\">\r\n\t\t\t\t\t<a class=\"back-elementor-btn\" href=\"\/en\/qsm_quiz\/test-poziomujacy-a1-c2-z-jezyka-angielskiego\/%20\/\" > English test <i class=\"ri-arrow-right-up-line\"><\/i> <\/a>\r\n\t\t<\/div>   \r\n\t\t\t\t\t<\/div>\n\t\t\t\t<\/div>\n\t\t\t\t<div class=\"elementor-element elementor-element-dfa5c32 elementor-widget elementor-widget-back-button\" data-id=\"dfa5c32\" data-element_type=\"widget\" data-e-type=\"widget\" data-widget_type=\"back-button.default\">\n\t\t\t\t<div class=\"elementor-widget-container\">\n\t\t\t\t\t\t\r\n\t\t\t\t\t<div class=\"back-elementor-btn-wrap\">\r\n\t\t\t\t\t<a class=\"back-elementor-btn\" href=\"\/en\/qsm_quiz\/test-poziomujacy-a1-c2-z-jezyka-niemieckiego\/%20\/\" > German test <i class=\"ri-arrow-right-up-line\"><\/i> <\/a>\r\n\t\t<\/div>   \r\n\t\t\t\t\t<\/div>\n\t\t\t\t<\/div>\n\t\t\t\t<div class=\"elementor-element elementor-element-b148cc7 elementor-widget elementor-widget-back-button\" data-id=\"b148cc7\" data-element_type=\"widget\" data-e-type=\"widget\" data-widget_type=\"back-button.default\">\n\t\t\t\t<div class=\"elementor-widget-container\">\n\t\t\t\t\t\t\r\n\t\t\t\t\t<div class=\"back-elementor-btn-wrap\">\r\n\t\t\t\t\t<a class=\"back-elementor-btn\" href=\"https:\/\/adams.edu.pl\/en\/qsm_quiz\/test-poziomujacy-a1-c2-z-jezyka-polskiego-2025\/\" > Polish as a foreign language test <i class=\"ri-arrow-right-up-line\"><\/i> <\/a>\r\n\t\t<\/div>   \r\n\t\t\t\t\t<\/div>\n\t\t\t\t<\/div>\n\t\t\t\t<div class=\"elementor-element elementor-element-7c4305b elementor-widget elementor-widget-back-button\" data-id=\"7c4305b\" data-element_type=\"widget\" data-e-type=\"widget\" data-widget_type=\"back-button.default\">\n\t\t\t\t<div class=\"elementor-widget-container\">\n\t\t\t\t\t\t\r\n\t\t\t\t\t<div class=\"back-elementor-btn-wrap\">\r\n\t\t\t\t\t<a class=\"back-elementor-btn\" href=\"\/en\/qsm_quiz\/test-poziomujacy-a1-c2-z-jezyka-hiszpanskiego\/%20\/\" > Spanish test <i class=\"ri-arrow-right-up-line\"><\/i> <\/a>\r\n\t\t<\/div>   \r\n\t\t\t\t\t<\/div>\n\t\t\t\t<\/div>\n\t\t\t\t<div class=\"elementor-element elementor-element-209f11e elementor-widget elementor-widget-back-button\" data-id=\"209f11e\" data-element_type=\"widget\" data-e-type=\"widget\" data-widget_type=\"back-button.default\">\n\t\t\t\t<div class=\"elementor-widget-container\">\n\t\t\t\t\t\t\r\n\t\t\t\t\t<div class=\"back-elementor-btn-wrap\">\r\n\t\t\t\t\t<a class=\"back-elementor-btn\" href=\"\/en\/qsm_quiz\/test-poziomujacy-a1-c2-z-jezyka-portugalskiego\/\" > Portuguese test  <i class=\"ri-arrow-right-up-line\"><\/i> <\/a>\r\n\t\t<\/div>   \r\n\t\t\t\t\t<\/div>\n\t\t\t\t<\/div>\n\t\t\t\t<div class=\"elementor-element elementor-element-4c78636 elementor-invisible elementor-widget elementor-widget-image\" data-id=\"4c78636\" data-element_type=\"widget\" data-e-type=\"widget\" data-settings=\"{&quot;_animation&quot;:&quot;fadeIn&quot;}\" data-widget_type=\"image.default\">\n\t\t\t\t<div class=\"elementor-widget-container\">\n\t\t\t\t\t\t\t\t\t\t\t\t\t\t\t<img fetchpriority=\"high\" decoding=\"async\" width=\"1885\" height=\"438\" src=\"https:\/\/adams.edu.pl\/wp-content\/uploads\/2025\/08\/adams-tlo-onas.jpg\" class=\"attachment-full size-full wp-image-4941\" alt=\"\" srcset=\"https:\/\/adams.edu.pl\/wp-content\/uploads\/2025\/08\/adams-tlo-onas.jpg 1885w, https:\/\/adams.edu.pl\/wp-content\/uploads\/2025\/08\/adams-tlo-onas-300x70.jpg 300w, https:\/\/adams.edu.pl\/wp-content\/uploads\/2025\/08\/adams-tlo-onas-1024x238.jpg 1024w, https:\/\/adams.edu.pl\/wp-content\/uploads\/2025\/08\/adams-tlo-onas-768x178.jpg 768w, https:\/\/adams.edu.pl\/wp-content\/uploads\/2025\/08\/adams-tlo-onas-1536x357.jpg 1536w\" sizes=\"(max-width: 1885px) 100vw, 1885px\" \/>\t\t\t\t\t\t\t\t\t\t\t\t\t\t\t<\/div>\n\t\t\t\t<\/div>\n\t\t\t\t<div class=\"elementor-element elementor-element-d8e7d96 elementor-widget elementor-widget-back-core-heading\" data-id=\"d8e7d96\" data-element_type=\"widget\" data-e-type=\"widget\" data-widget_type=\"back-core-heading.default\">\n\t\t\t\t<div class=\"elementor-widget-container\">\n\t\t\t\t\t        <div class=\"back-elementor-heading back-elementor-heading-default\">\r\n\t        \t\t\t<h2 class=\"title\">We like teaching - it\u2019s fulfilling for us to work with people!<\/h2>        <\/div>\r\n\r\n        \t\t\t\t<\/div>\n\t\t\t\t<\/div>\n\t\t\t\t\t<\/div>\n\t\t<\/div>\n\t\t\t\t\t<\/div>\n\t\t<\/section>\n\t\t\t\t\t<\/div>\n\t\t<\/div>\n\t\t\t\t\t<\/div>\n\t\t<\/section>\n\t\t\t\t<\/div>","protected":false},"excerpt":{"rendered":"<p>Sprawd\u017a sw\u00f3j poziom j\u0119zykowy \u2013 bez stresu i na luzie! Zanim rozpoczniesz kurs, zapraszamy Ci\u0119 do kr\u00f3tkiej diagnozy Twoich umiej\u0119tno\u015bci&#8230;<\/p>","protected":false},"author":1,"featured_media":0,"parent":0,"menu_order":0,"comment_status":"closed","ping_status":"closed","template":"","meta":{"inline_featured_image":false,"footnotes":""},"class_list":["post-14","page","type-page","status-publish","hentry"],"_links":{"self":[{"href":"https:\/\/adams.edu.pl\/en\/wp-json\/wp\/v2\/pages\/14","targetHints":{"allow":["GET"]}}],"collection":[{"href":"https:\/\/adams.edu.pl\/en\/wp-json\/wp\/v2\/pages"}],"about":[{"href":"https:\/\/adams.edu.pl\/en\/wp-json\/wp\/v2\/types\/page"}],"author":[{"embeddable":true,"href":"https:\/\/adams.edu.pl\/en\/wp-json\/wp\/v2\/users\/1"}],"replies":[{"embeddable":true,"href":"https:\/\/adams.edu.pl\/en\/wp-json\/wp\/v2\/comments?post=14"}],"version-history":[{"count":33,"href":"https:\/\/adams.edu.pl\/en\/wp-json\/wp\/v2\/pages\/14\/revisions"}],"predecessor-version":[{"id":6598,"href":"https:\/\/adams.edu.pl\/en\/wp-json\/wp\/v2\/pages\/14\/revisions\/6598"}],"wp:attachment":[{"href":"https:\/\/adams.edu.pl\/en\/wp-json\/wp\/v2\/media?parent=14"}],"curies":[{"name":"wp","href":"https:\/\/api.w.org\/{rel}","templated":true}]}}